{"id":185,"date":"2024-07-22T12:28:56","date_gmt":"2024-07-22T10:28:56","guid":{"rendered":"http:\/\/artencorps.fr\/?page_id=185"},"modified":"2025-09-03T12:14:16","modified_gmt":"2025-09-03T10:14:16","slug":"ateliers","status":"publish","type":"page","link":"https:\/\/artencorps.fr\/index.php\/ateliers\/","title":{"rendered":"Ateliers"},"content":{"rendered":"\n<div style=\"height:14px\" aria-hidden=\"true\" class=\"wp-block-spacer\"><\/div>\n\n\n\n<p class=\"has-text-align-center\"><strong><mark style=\"background-color:rgba(0, 0, 0, 0)\" class=\"has-inline-color has-vivid-green-cyan-color\">2025-2026 : les ateliers d\u2019initiation au th\u00e9\u00e2tre pour les adultes vont prochainement ouvrir !<\/mark><\/strong><\/p>\n\n\n\n<div style=\"height:14px\" aria-hidden=\"true\" class=\"wp-block-spacer\"><\/div>\n\n\n\n<p class=\"has-text-align-center\">Les lundis de 19h30 \u00e0 21h30<br>Ouvert \u00e0 tous les adultes (dans la limite de 15 places)<br><a href=\"http:\/\/artencorps.fr\/index.php\/agenda\/\" data-type=\"page\" data-id=\"18\">Agenda<\/a> &gt; <a href=\"http:\/\/artencorps.fr\/index.php\/calendrier-des-ateliers\/\" data-type=\"page\" data-id=\"48\">Calendrier des ateliers<\/a><\/p>\n\n\n\n<p class=\"has-text-align-center\"><br><strong><mark style=\"background-color:rgba(0, 0, 0, 0);color:#e3d4d8\" class=\"has-inline-color\">Adresse des ateliers :<\/mark><\/strong><br><br>Salle du quartier du port &#8211; rue Pierre Mend\u00e8s France<br>au pied de la m\u00e9diath\u00e8que Louis Aragon<br>\u00e0 Choisy-le-roi<\/p>\n\n\n\n<p class=\"has-text-align-center\"><br><strong><mark style=\"background-color:rgba(0, 0, 0, 0);color:#e3d4d8\" class=\"has-inline-color\">Modalit\u00e9s d&#8217;inscription :<\/mark><\/strong><br><br>Premier cours d\u2019essai gratuit <br>Inscriptions recommand\u00e9es sur <a href=\"mailto:theatre@artencorps.fr\">theatre@artencorps.fr<\/a><\/p>\n\n\n\n<p class=\"has-text-align-center\"><br><strong><mark style=\"background-color:rgba(0, 0, 0, 0);color:#e3d4d8\" class=\"has-inline-color\">Tarifs :<\/mark><\/strong><br><br>Tarif pr\u00e9f\u00e9rentiel pour Choisy-le-roi : 185\u20ac le semestre<br>Hors commune : 205\u20ac le semestre<br><em>R\u00e8glement en esp\u00e8ces ou par ch\u00e8que et paiement en trois fois possible<br><\/em><br><br><strong><mark style=\"background-color:rgba(0, 0, 0, 0);color:#e3d4d8\" class=\"has-inline-color\">Conditions d\u2019inscription \u00e0 la suite du cours d\u2019essai gratuit :&nbsp;<\/mark><\/strong><\/p>\n\n\n\n<ul class=\"wp-block-list\">\n<li>Apporter les documents d\u2019inscription remplis et sign\u00e9s : fiche d\u2019inscription et droits photographiques<\/li>\n\n\n\n<li>Apporter la totalit\u00e9 du r\u00e8glement ainsi que la cotisation de 10\u20ac : si vous souhaitez payer en trois fois par ch\u00e8que, ceux-ci seront encaiss\u00e9s de mani\u00e8re diff\u00e9r\u00e9e<\/li>\n\n\n\n<li>Lire, approuver et signer la charte de bonne conduite ainsi que le r\u00e8glement int\u00e9rieur<\/li>\n<\/ul>\n\n\n\n<div style=\"height:13px\" aria-hidden=\"true\" class=\"wp-block-spacer\"><\/div>\n\n\n\n<p class=\"has-text-align-center\"><mark style=\"background-color:rgba(0, 0, 0, 0)\" class=\"has-inline-color has-cyan-bluish-gray-color\"><em>>> <a href=\"https:\/\/artencorps.fr\/wp-content\/uploads\/2025\/09\/Notice-dinscription-adulte-2025-2026-.pdf\">Retrouvez la notice d&#8217;inscription ici<\/a> &lt;&lt;<\/em><\/mark><\/p>\n\n\n\n<p class=\"has-text-align-center\"><mark style=\"background-color:rgba(0, 0, 0, 0)\" class=\"has-inline-color has-cyan-bluish-gray-color\"><em>&gt;&gt; <a href=\"https:\/\/artencorps.fr\/wp-content\/uploads\/2025\/09\/Fiche-dinscription-droits-image-regl-adulte-2025-2026.pdf\" data-type=\"link\" data-id=\"https:\/\/artencorps.fr\/wp-content\/uploads\/2025\/09\/Fiche-dinscription-droits-image-regl-adulte-2025-2026.pdf\">Vous pouvez t\u00e9l\u00e9charger les trois documents \u00e0 rendre en main propre ici<\/a> &lt;&lt;<\/em><\/mark><\/p>\n\n\n\n<div style=\"height:30px\" aria-hidden=\"true\" class=\"wp-block-spacer\"><\/div>\n\n\n\n<p class=\"has-text-align-center\">*<\/p>\n\n\n\n<p class=\"has-text-align-center\"><strong><mark style=\"background-color:rgba(0, 0, 0, 0)\" class=\"has-inline-color has-vivid-red-color\"><em>2024-2025 : les ateliers d\u2019initiation au th\u00e9\u00e2tre pour les 11-14 ans sont ferm\u00e9s<\/em><\/mark><\/strong><\/p>\n\n\n\n<div style=\"height:29px\" aria-hidden=\"true\" class=\"wp-block-spacer\"><\/div>\n\n\n\n<p class=\"has-text-align-center\">*<br><a href=\"http:\/\/artencorps.fr\/index.php\/ateliers-dinitiation\/\" data-type=\"page\" data-id=\"43\">Les ateliers d&#8217;initiation<\/a> au th\u00e9\u00e2tre&nbsp;sont dirig\u00e9s par la directrice de l\u2019association <em>Art en corps : <\/em><a href=\"http:\/\/artencorps.fr\/index.php\/equipe\/\">Sol\u00e8ne Eberhardt<\/a>. <br>Pour plus de d\u00e9tails sur l\u2019organisation du travail et des ateliers, rendez-vous dans la rubrique <a href=\"http:\/\/artencorps.fr\/index.php\/pedagogie\/\">P\u00e9dagogie<\/a>.<\/p>\n","protected":false},"excerpt":{"rendered":"<p>2025-2026 : les ateliers d\u2019initiation au th\u00e9\u00e2tre pour les adultes vont prochainement ouvrir ! Les lundis de 19h30 \u00e0 21h30Ouvert \u00e0 tous les adultes (dans la limite de 15 places)Agenda &gt; Calendrier des ateliers Adresse des ateliers : Salle du quartier du port &#8211; rue Pierre Mend\u00e8s Franceau pied de la m\u00e9diath\u00e8que Louis Aragon\u00e0 Choisy-le-roi Modalit\u00e9s d&#8217;inscription : Premier cours d\u2019essai gratuit Inscriptions recommand\u00e9es sur theatre@artencorps.fr Tarifs : Tarif pr\u00e9f\u00e9rentiel pour Choisy-le-roi : 185\u20ac le semestreHors commune : 205\u20ac le semestreR\u00e8glement en esp\u00e8ces ou par ch\u00e8que et paiement en trois fois possible Conditions d\u2019inscription \u00e0 la suite du cours d\u2019essai gratuit :&nbsp; >> Retrouvez la notice d&#8217;inscription ici &lt;&lt; &gt;&gt; Vous pouvez t\u00e9l\u00e9charger les trois documents \u00e0 rendre en main propre ici &lt;&lt; * 2024-2025 : les ateliers d\u2019initiation au th\u00e9\u00e2tre pour les 11-14 ans sont ferm\u00e9s *Les ateliers d&#8217;initiation au th\u00e9\u00e2tre&nbsp;sont dirig\u00e9s par la directrice de l\u2019association Art en corps : Sol\u00e8ne Eberhardt. Pour plus de d\u00e9tails sur l\u2019organisation du travail et des ateliers, rendez-vous dans la rubrique P\u00e9dagogie.<\/p>\n","protected":false},"author":2,"featured_media":0,"parent":0,"menu_order":0,"comment_status":"closed","ping_status":"closed","template":"","meta":{"footnotes":"[]"},"class_list":["post-185","page","type-page","status-publish","hentry"],"_links":{"self":[{"href":"https:\/\/artencorps.fr\/index.php\/wp-json\/wp\/v2\/pages\/185","targetHints":{"allow":["GET"]}}],"collection":[{"href":"https:\/\/artencorps.fr\/index.php\/wp-json\/wp\/v2\/pages"}],"about":[{"href":"https:\/\/artencorps.fr\/index.php\/wp-json\/wp\/v2\/types\/page"}],"author":[{"embeddable":true,"href":"https:\/\/artencorps.fr\/index.php\/wp-json\/wp\/v2\/users\/2"}],"replies":[{"embeddable":true,"href":"https:\/\/artencorps.fr\/index.php\/wp-json\/wp\/v2\/comments?post=185"}],"version-history":[{"count":25,"href":"https:\/\/artencorps.fr\/index.php\/wp-json\/wp\/v2\/pages\/185\/revisions"}],"predecessor-version":[{"id":664,"href":"https:\/\/artencorps.fr\/index.php\/wp-json\/wp\/v2\/pages\/185\/revisions\/664"}],"wp:attachment":[{"href":"https:\/\/artencorps.fr\/index.php\/wp-json\/wp\/v2\/media?parent=185"}],"curies":[{"name":"wp","href":"https:\/\/api.w.org\/{rel}","templated":true}]}}