{"id":19,"date":"2024-07-17T12:11:45","date_gmt":"2024-07-17T10:11:45","guid":{"rendered":"http:\/\/artencorps.fr\/?page_id=19"},"modified":"2025-06-25T09:30:09","modified_gmt":"2025-06-25T07:30:09","slug":"galerie","status":"publish","type":"page","link":"https:\/\/artencorps.fr\/index.php\/galerie\/","title":{"rendered":"Galerie"},"content":{"rendered":"\n<p class=\"has-text-align-center\">28 mars 2025 &#8211; Version courte du spectacle sur le th\u00e8me de la sororit\u00e9 &#8211; Avec Oc\u00e9ane Croce et Sol\u00e8ne Eberhardt<\/p>\n\n\n\n<div class=\"wp-block-group is-layout-grid wp-container-core-group-is-layout-9649a0d9 wp-block-group-is-layout-grid\"><\/div>\n\n\n\n<div class=\"wp-block-columns are-vertically-aligned-center is-layout-flex wp-container-core-columns-is-layout-9d6595d7 wp-block-columns-is-layout-flex\">\n<div class=\"wp-block-column is-vertically-aligned-center is-layout-flow wp-block-column-is-layout-flow\" style=\"flex-basis:100%\">\n<figure class=\"wp-block-gallery has-nested-images columns-default is-cropped wp-block-gallery-1 is-layout-flex wp-block-gallery-is-layout-flex\">\n<figure class=\"wp-block-image size-large\"><img loading=\"lazy\" decoding=\"async\" width=\"946\" height=\"529\" data-id=\"616\" src=\"https:\/\/artencorps.fr\/wp-content\/uploads\/2025\/06\/Capture-decran-2025-06-25-083613.png\" alt=\"\" class=\"wp-image-616\" srcset=\"https:\/\/artencorps.fr\/wp-content\/uploads\/2025\/06\/Capture-decran-2025-06-25-083613.png 946w, https:\/\/artencorps.fr\/wp-content\/uploads\/2025\/06\/Capture-decran-2025-06-25-083613-300x168.png 300w, https:\/\/artencorps.fr\/wp-content\/uploads\/2025\/06\/Capture-decran-2025-06-25-083613-768x429.png 768w\" sizes=\"auto, (max-width: 946px) 100vw, 946px\" \/><\/figure>\n\n\n\n<figure class=\"wp-block-image size-large\"><img loading=\"lazy\" decoding=\"async\" width=\"946\" height=\"531\" data-id=\"615\" src=\"https:\/\/artencorps.fr\/wp-content\/uploads\/2025\/06\/Capture-decran-2025-06-25-083747.png\" alt=\"\" class=\"wp-image-615\" srcset=\"https:\/\/artencorps.fr\/wp-content\/uploads\/2025\/06\/Capture-decran-2025-06-25-083747.png 946w, https:\/\/artencorps.fr\/wp-content\/uploads\/2025\/06\/Capture-decran-2025-06-25-083747-300x168.png 300w, https:\/\/artencorps.fr\/wp-content\/uploads\/2025\/06\/Capture-decran-2025-06-25-083747-768x431.png 768w\" sizes=\"auto, (max-width: 946px) 100vw, 946px\" \/><\/figure>\n\n\n\n<figure class=\"wp-block-image size-medium\"><img loading=\"lazy\" decoding=\"async\" width=\"300\" height=\"169\" data-id=\"621\" src=\"https:\/\/artencorps.fr\/wp-content\/uploads\/2025\/06\/Capture-decran-2025-06-25-083954-1-300x169.png\" alt=\"\" class=\"wp-image-621\" srcset=\"https:\/\/artencorps.fr\/wp-content\/uploads\/2025\/06\/Capture-decran-2025-06-25-083954-1-300x169.png 300w, https:\/\/artencorps.fr\/wp-content\/uploads\/2025\/06\/Capture-decran-2025-06-25-083954-1-768x433.png 768w, https:\/\/artencorps.fr\/wp-content\/uploads\/2025\/06\/Capture-decran-2025-06-25-083954-1.png 944w\" sizes=\"auto, (max-width: 300px) 100vw, 300px\" \/><\/figure>\n<\/figure>\n<\/div>\n<\/div>\n\n\n\n<figure class=\"wp-block-gallery has-nested-images columns-default is-cropped wp-block-gallery-2 is-layout-flex wp-block-gallery-is-layout-flex\">\n<figure class=\"wp-block-image size-large\"><img loading=\"lazy\" decoding=\"async\" width=\"947\" height=\"532\" data-id=\"619\" src=\"https:\/\/artencorps.fr\/wp-content\/uploads\/2025\/06\/Capture-decran-2025-06-25-084104.png\" alt=\"\" class=\"wp-image-619\" srcset=\"https:\/\/artencorps.fr\/wp-content\/uploads\/2025\/06\/Capture-decran-2025-06-25-084104.png 947w, https:\/\/artencorps.fr\/wp-content\/uploads\/2025\/06\/Capture-decran-2025-06-25-084104-300x169.png 300w, https:\/\/artencorps.fr\/wp-content\/uploads\/2025\/06\/Capture-decran-2025-06-25-084104-768x431.png 768w\" sizes=\"auto, (max-width: 947px) 100vw, 947px\" \/><\/figure>\n\n\n\n<figure class=\"wp-block-image size-large\"><img loading=\"lazy\" decoding=\"async\" width=\"945\" height=\"531\" data-id=\"618\" src=\"https:\/\/artencorps.fr\/wp-content\/uploads\/2025\/06\/Capture-decran-2025-06-25-084146.png\" alt=\"\" class=\"wp-image-618\" srcset=\"https:\/\/artencorps.fr\/wp-content\/uploads\/2025\/06\/Capture-decran-2025-06-25-084146.png 945w, https:\/\/artencorps.fr\/wp-content\/uploads\/2025\/06\/Capture-decran-2025-06-25-084146-300x169.png 300w, https:\/\/artencorps.fr\/wp-content\/uploads\/2025\/06\/Capture-decran-2025-06-25-084146-768x432.png 768w\" sizes=\"auto, (max-width: 945px) 100vw, 945px\" \/><\/figure>\n\n\n\n<figure class=\"wp-block-image size-large\"><img loading=\"lazy\" decoding=\"async\" width=\"945\" height=\"530\" data-id=\"620\" src=\"https:\/\/artencorps.fr\/wp-content\/uploads\/2025\/06\/Capture-decran-2025-06-25-084253.png\" alt=\"\" class=\"wp-image-620\" srcset=\"https:\/\/artencorps.fr\/wp-content\/uploads\/2025\/06\/Capture-decran-2025-06-25-084253.png 945w, https:\/\/artencorps.fr\/wp-content\/uploads\/2025\/06\/Capture-decran-2025-06-25-084253-300x168.png 300w, https:\/\/artencorps.fr\/wp-content\/uploads\/2025\/06\/Capture-decran-2025-06-25-084253-768x431.png 768w\" sizes=\"auto, (max-width: 945px) 100vw, 945px\" \/><\/figure>\n<\/figure>\n\n\n\n<p><\/p>\n","protected":false},"excerpt":{"rendered":"<p>28 mars 2025 &#8211; Version courte du spectacle sur le th\u00e8me de la sororit\u00e9 &#8211; Avec Oc\u00e9ane Croce et Sol\u00e8ne Eberhardt<\/p>\n","protected":false},"author":2,"featured_media":0,"parent":0,"menu_order":0,"comment_status":"closed","ping_status":"closed","template":"","meta":{"footnotes":""},"class_list":["post-19","page","type-page","status-publish","hentry"],"_links":{"self":[{"href":"https:\/\/artencorps.fr\/index.php\/wp-json\/wp\/v2\/pages\/19","targetHints":{"allow":["GET"]}}],"collection":[{"href":"https:\/\/artencorps.fr\/index.php\/wp-json\/wp\/v2\/pages"}],"about":[{"href":"https:\/\/artencorps.fr\/index.php\/wp-json\/wp\/v2\/types\/page"}],"author":[{"embeddable":true,"href":"https:\/\/artencorps.fr\/index.php\/wp-json\/wp\/v2\/users\/2"}],"replies":[{"embeddable":true,"href":"https:\/\/artencorps.fr\/index.php\/wp-json\/wp\/v2\/comments?post=19"}],"version-history":[{"count":5,"href":"https:\/\/artencorps.fr\/index.php\/wp-json\/wp\/v2\/pages\/19\/revisions"}],"predecessor-version":[{"id":622,"href":"https:\/\/artencorps.fr\/index.php\/wp-json\/wp\/v2\/pages\/19\/revisions\/622"}],"wp:attachment":[{"href":"https:\/\/artencorps.fr\/index.php\/wp-json\/wp\/v2\/media?parent=19"}],"curies":[{"name":"wp","href":"https:\/\/api.w.org\/{rel}","templated":true}]}}