{"id":41,"date":"2024-08-20T10:00:00","date_gmt":"2024-08-20T08:00:00","guid":{"rendered":"http:\/\/artencorps.fr\/?page_id=41"},"modified":"2024-08-30T08:23:00","modified_gmt":"2024-08-30T06:23:00","slug":"preambule","status":"publish","type":"page","link":"https:\/\/artencorps.fr\/index.php\/preambule\/","title":{"rendered":"Qui sommes-nous ?"},"content":{"rendered":"\n<p class=\"has-text-align-center\"><br><strong><mark style=\"background-color:rgba(0, 0, 0, 0);color:#e3d4d8\" class=\"has-inline-color\">La cr\u00e9ation d\u2019<em>Art en corps <\/em>et sa vocation<\/mark><\/strong><\/p>\n\n\n\n<p>L\u2019association <em>Art en corps<\/em> est n\u00e9e d\u2019une volont\u00e9 de participer au paysage culturel de la ville de Choisy-le-Roi en proposant en premier lieu des activit\u00e9s r\u00e9guli\u00e8res de pratiques th\u00e9\u00e2trales. Son activit\u00e9 s\u2019\u00e9tend donc \u00e0 pratiquer, transmettre, diffuser des activit\u00e9s artistiques et culturelles mais aussi \u00e0 favoriser et \u00e0 promouvoir des activit\u00e9s de recherche artistique : la rencontre et le partage sont essentiels. Aussi, l\u2019association se veut partenaire de la sensibilisation et de l\u2019acc\u00e8s au spectacle vivant et vise \u00e0 la participation ou \u00e0 l\u2019organisation de tout type d\u2019\u00e9v\u00e9nement pouvant aider \u00e0 sa promotion. <em>Art en corps<\/em> souhaite donc ouvrir tr\u00e8s grand les portes du th\u00e9\u00e2tre en proposant de varier les approches de l\u2019art vivant.\u00a0<\/p>\n\n\n\n<p>L\u2019association fra\u00eechement cr\u00e9\u00e9e a commenc\u00e9 par ouvrir en 2024 des ateliers de pratiques th\u00e9\u00e2trales pour un groupe de 10 jeunes de 11 \u00e0 14 ans.<\/p>\n\n\n\n<ul class=\"wp-block-list\">\n<li>Toutefois, elle projette \u00e0 court terme :\n<ul class=\"wp-block-list\">\n<li>la multiplication des groupes d\u2019ateliers ouverts \u00e0 tous et toutes, quel que soit le niveau d\u2019exp\u00e9rience<\/li>\n\n\n\n<li>l\u2019ouverture de stages ponctuels th\u00e9matiques<\/li>\n\n\n\n<li>la participation aux projets et aux animations de la ville&nbsp;<\/li>\n\n\n\n<li>des interventions dans les \u00e9tablissements d\u00e9sireux de d\u00e9couvrir ou d\u2019exp\u00e9rimenter le spectacle vivant<\/li>\n\n\n\n<li>des rencontres interdisciplinaires \u00e0 travers des temps d\u2019\u00e9changes ou des ateliers de pratique<\/li>\n\n\n\n<li>des rencontres avec des artistes professionnels sous le format <em>Raconte-moi ton m\u00e9tier<\/em><\/li>\n\n\n\n<li>une aide aux personnes qui souhaitent porter des projets en lien avec le spectacle vivant<\/li>\n\n\n\n<li>la mise en place de partenariats avec des professionnels du spectacle vivant et des structures<\/li>\n<\/ul>\n<\/li>\n<\/ul>\n\n\n\n<p>L\u2019association <em>Art en corps<\/em> a \u00e9t\u00e9 cr\u00e9\u00e9e en 2024 et est actuellement dirig\u00e9e par la directrice Sol\u00e8ne Eberhardt : pour plus de d\u00e9tails sur son parcours et sa formation, rendez-vous dans la rubrique&nbsp;<a href=\"http:\/\/artencorps.fr\/index.php\/equipe\/\" data-type=\"page\" data-id=\"14\">\u00c9quipe<\/a>. Si vous souhaitez des renseignements sur sa mani\u00e8re d\u2019appr\u00e9hender et d\u2019enseigner le th\u00e9\u00e2tre au cours des ateliers qu\u2019elle m\u00e8ne, rendez-vous dans la rubrique <a href=\"http:\/\/artencorps.fr\/index.php\/pedagogie\/\" data-type=\"page\" data-id=\"40\">P\u00e9dagogie<\/a>. Vous pouvez aussi la contacter par mail sur l\u2019adresse <em><mark style=\"background-color:rgba(0, 0, 0, 0);color:#e3d4d8\" class=\"has-inline-color\">theatre@artencorps.fr<\/mark><\/em>.<\/p>\n\n\n\n<p class=\"has-text-align-center\"><br><strong><mark style=\"background-color:rgba(0, 0, 0, 0);color:#e3d4d8\" class=\"has-inline-color\">Pourquoi faire du th\u00e9\u00e2tre ?<\/mark><\/strong><\/p>\n\n\n\n<p>Le th\u00e9\u00e2tre permet de d\u00e9velopper son imaginaire \u00e0 travers la cr\u00e9ation, l\u2019exp\u00e9rimentation et la recherche artistique : il met en jeu le corps et la voix, qui sont au service des \u00e9motions et de l\u2019interpr\u00e9tation. Il offre une dimension intellectuelle et culturelle \u00e0 travers la d\u00e9couverte d\u2019auteurs et autrices classiques et contemporains. Mais surtout, le th\u00e9\u00e2tre propose un cheminement dans la compr\u00e9hension du monde et des relations humaines : le travail d\u2019interpr\u00e9tation du personnage et du contexte dans lequel il \u00e9volue nous obligent \u00e0 une analyse tr\u00e8s pouss\u00e9e de ces m\u00e9canismes, nous permettant ainsi de r\u00e9fl\u00e9chir en biais sur nous-m\u00eame et sur ce qui nous entoure.&nbsp;<\/p>\n\n\n\n<p>En effet, le th\u00e9\u00e2tre, ou plus g\u00e9n\u00e9ralement le spectacle vivant, demande une \u00e9coute attentive des partenaires afin de permettre \u00e0 chaque individu de pouvoir s\u2019exprimer et de jouer au sein d\u2019un collectif, en vue d\u2019une production d\u2019ensemble. Il favorise donc l\u2019empathie et l\u2019esprit d\u2019\u00e9quipe. En plus de nous apprendre \u00e0 \u00eatre attentif et bienveillant vis-\u00e0-vis des autres, il nous enseigne \u00e0 prendre soin de nous-m\u00eame et de voir comme des forces ce que nous pouvions consid\u00e9rer comme des faiblesses. En d\u00e9veloppant la cr\u00e9ativit\u00e9 et l\u2019imaginaire, il permet donc de gagner en confiance en soi et en ses id\u00e9es, d\u2019oser et de devenir force de proposition par la libert\u00e9 qu\u2019il offre. Le th\u00e9\u00e2tre est un incroyable catalyseur d\u2019\u00e9motions, qui requiert une ma\u00eetrise parfaite de son corps et de sa voix : il s\u2019agit donc d\u2019un outil de pr\u00e9cision qui entra\u00eene aussi au placement de la voix, \u00e0 la diction et \u00e0 la prise de parole en public et d\u00e9veloppe les capacit\u00e9s d\u2019argumenter, de convaincre, de persuader.<\/p>\n\n\n\n<p class=\"has-text-align-left\">Le th\u00e9\u00e2tre est donc une \u00e9cole de la vie dans laquelle les corps et les esprits doivent se rencontrer pour vivre, ou du moins cohabiter, selon une dynamique d\u2019ensemble : il s\u2019agit d\u2019une mani\u00e8re d\u2019entrer en interaction, de s\u2019engager dans la vie et de tenter de trouver sa place.<\/p>\n\n\n\n<p class=\"has-text-align-center\">*<\/p>\n\n\n\n<p class=\"has-text-align-center\">N&#8217;h\u00e9sitez pas \u00e0 suivre nos actualit\u00e9s dans la rubrique <a href=\"http:\/\/artencorps.fr\/index.php\/prochaines-rencontres\/\" data-type=\"page\" data-id=\"113\">Rendez-vous avec Art en corps<\/a> afin de venir \u00e0 notre rencontre ! <\/p>\n","protected":false},"excerpt":{"rendered":"<p>La cr\u00e9ation d\u2019Art en corps et sa vocation L\u2019association Art en corps est n\u00e9e d\u2019une volont\u00e9 de participer au paysage culturel de la ville de Choisy-le-Roi en proposant en premier lieu des activit\u00e9s r\u00e9guli\u00e8res de pratiques th\u00e9\u00e2trales. Son activit\u00e9 s\u2019\u00e9tend donc \u00e0 pratiquer, transmettre, diffuser des activit\u00e9s artistiques et culturelles mais aussi \u00e0 favoriser et \u00e0 promouvoir des activit\u00e9s de recherche artistique : la rencontre et le partage sont essentiels. Aussi, l\u2019association se veut partenaire de la sensibilisation et de l\u2019acc\u00e8s au spectacle vivant et vise \u00e0 la participation ou \u00e0 l\u2019organisation de tout type d\u2019\u00e9v\u00e9nement pouvant aider \u00e0 sa promotion. Art en corps souhaite donc ouvrir tr\u00e8s grand les portes du th\u00e9\u00e2tre en proposant de varier les approches de l\u2019art vivant.\u00a0 L\u2019association fra\u00eechement cr\u00e9\u00e9e a commenc\u00e9 par ouvrir en 2024 des ateliers de pratiques th\u00e9\u00e2trales pour un groupe de 10 jeunes de 11 \u00e0 14 ans. L\u2019association Art en corps a \u00e9t\u00e9 cr\u00e9\u00e9e en 2024 et est actuellement dirig\u00e9e par la directrice Sol\u00e8ne Eberhardt : pour plus de d\u00e9tails sur son parcours et sa formation, rendez-vous dans la rubrique&nbsp;\u00c9quipe. Si vous souhaitez des renseignements sur sa mani\u00e8re d\u2019appr\u00e9hender et d\u2019enseigner le th\u00e9\u00e2tre au cours des ateliers qu\u2019elle m\u00e8ne, rendez-vous dans la rubrique P\u00e9dagogie. Vous pouvez aussi la contacter par mail sur l\u2019adresse theatre@artencorps.fr. Pourquoi faire du th\u00e9\u00e2tre ? Le th\u00e9\u00e2tre permet de d\u00e9velopper son imaginaire \u00e0 travers la cr\u00e9ation, l\u2019exp\u00e9rimentation et la recherche artistique : il met en jeu le corps et la voix, qui sont au service des \u00e9motions et de l\u2019interpr\u00e9tation. Il offre une dimension intellectuelle et culturelle \u00e0 travers la d\u00e9couverte d\u2019auteurs et autrices classiques et contemporains. Mais surtout, le th\u00e9\u00e2tre propose un cheminement dans la compr\u00e9hension du monde et des relations humaines : le travail d\u2019interpr\u00e9tation du personnage et du contexte dans lequel il \u00e9volue nous obligent \u00e0 une analyse tr\u00e8s pouss\u00e9e de ces m\u00e9canismes, nous permettant ainsi de r\u00e9fl\u00e9chir en biais sur nous-m\u00eame et sur ce qui nous entoure.&nbsp; En effet, le th\u00e9\u00e2tre, ou plus g\u00e9n\u00e9ralement le spectacle vivant, demande une \u00e9coute attentive des partenaires afin de permettre \u00e0 chaque individu de pouvoir s\u2019exprimer et de jouer au sein d\u2019un collectif, en vue d\u2019une production d\u2019ensemble. Il favorise donc l\u2019empathie et l\u2019esprit d\u2019\u00e9quipe. En plus de nous apprendre \u00e0 \u00eatre attentif et bienveillant vis-\u00e0-vis des autres, il nous enseigne \u00e0 prendre soin de nous-m\u00eame et de voir comme des forces ce que nous pouvions consid\u00e9rer comme des faiblesses. En d\u00e9veloppant la cr\u00e9ativit\u00e9 et l\u2019imaginaire, il permet donc de gagner en confiance en soi et en ses id\u00e9es, d\u2019oser et de devenir force de proposition par la libert\u00e9 qu\u2019il offre. Le th\u00e9\u00e2tre est un incroyable catalyseur d\u2019\u00e9motions, qui requiert une ma\u00eetrise parfaite de son corps et de sa voix : il s\u2019agit donc d\u2019un outil de pr\u00e9cision qui entra\u00eene aussi au placement de la voix, \u00e0 la diction et \u00e0 la prise de parole en public et d\u00e9veloppe les capacit\u00e9s d\u2019argumenter, de convaincre, de persuader. Le th\u00e9\u00e2tre est donc une \u00e9cole de la vie dans laquelle les corps et les esprits doivent se rencontrer pour vivre, ou du moins cohabiter, selon une dynamique d\u2019ensemble : il s\u2019agit d\u2019une mani\u00e8re d\u2019entrer en interaction, de s\u2019engager dans la vie et de tenter de trouver sa place. * N&#8217;h\u00e9sitez pas \u00e0 suivre nos actualit\u00e9s dans la rubrique Rendez-vous avec Art en corps afin de venir \u00e0 notre rencontre !<\/p>\n","protected":false},"author":2,"featured_media":0,"parent":0,"menu_order":0,"comment_status":"closed","ping_status":"closed","template":"","meta":{"footnotes":""},"class_list":["post-41","page","type-page","status-publish","hentry"],"_links":{"self":[{"href":"https:\/\/artencorps.fr\/index.php\/wp-json\/wp\/v2\/pages\/41","targetHints":{"allow":["GET"]}}],"collection":[{"href":"https:\/\/artencorps.fr\/index.php\/wp-json\/wp\/v2\/pages"}],"about":[{"href":"https:\/\/artencorps.fr\/index.php\/wp-json\/wp\/v2\/types\/page"}],"author":[{"embeddable":true,"href":"https:\/\/artencorps.fr\/index.php\/wp-json\/wp\/v2\/users\/2"}],"replies":[{"embeddable":true,"href":"https:\/\/artencorps.fr\/index.php\/wp-json\/wp\/v2\/comments?post=41"}],"version-history":[{"count":15,"href":"https:\/\/artencorps.fr\/index.php\/wp-json\/wp\/v2\/pages\/41\/revisions"}],"predecessor-version":[{"id":415,"href":"https:\/\/artencorps.fr\/index.php\/wp-json\/wp\/v2\/pages\/41\/revisions\/415"}],"wp:attachment":[{"href":"https:\/\/artencorps.fr\/index.php\/wp-json\/wp\/v2\/media?parent=41"}],"curies":[{"name":"wp","href":"https:\/\/api.w.org\/{rel}","templated":true}]}}