{"id":43,"date":"2024-07-17T12:53:50","date_gmt":"2024-07-17T10:53:50","guid":{"rendered":"http:\/\/artencorps.fr\/?page_id=43"},"modified":"2025-06-24T11:12:30","modified_gmt":"2025-06-24T09:12:30","slug":"ateliers-dinitiation","status":"publish","type":"page","link":"https:\/\/artencorps.fr\/index.php\/ateliers-dinitiation\/","title":{"rendered":"Ateliers d&#8217;initiation"},"content":{"rendered":"\n<div style=\"height:19px\" aria-hidden=\"true\" class=\"wp-block-spacer\"><\/div>\n\n\n\n<p>D\u00e9couvrez le th\u00e9\u00e2tre au sein d&#8217;un collectif bienveillant : d\u00e9veloppez votre cr\u00e9ativit\u00e9, votre imaginaire et apprivoisez votre sensibilit\u00e9. Tout ce que vous apprendrez ou approfondirez sur la mall\u00e9abilit\u00e9 du corps, la diction et la confrontation au public vous permettront d&#8217;oser prendre des risques et de gagner en confiance.<\/p>\n\n\n\n<p>A travers des exercices ludiques et des textes dramatiques, les ateliers proposent de d\u00e9couvrir le jeu d\u2019acteur et l\u2019univers sc\u00e9nique dans lequel il se d\u00e9ploie : ils sont l&#8217;occasion d&#8217;en apprendre plus sur vous-m\u00eame, sur le th\u00e9\u00e2tre et sur l&#8217;ouverture au monde qu&#8217;il propose, tout en s&#8217;amusant. L\u2019objectif est de cr\u00e9er et d\u2019avancer ensemble, dans une dynamique d\u2019empathie et d\u2019esprit d\u2019\u00e9quipe. La rencontre, le partage et l\u2019\u00e9change seront les piliers de ces ateliers, et le divertissement et le jeu en seront les moyens !<\/p>\n\n\n\n<div style=\"height:19px\" aria-hidden=\"true\" class=\"wp-block-spacer\"><\/div>\n\n\n\n<p class=\"has-text-align-center\"><strong><mark style=\"background-color:rgba(0, 0, 0, 0);color:#e3d4d8\" class=\"has-inline-color\">Organisation des ateliers d\u2019initiation<\/mark><\/strong><\/p>\n\n\n\n<div style=\"height:19px\" aria-hidden=\"true\" class=\"wp-block-spacer\"><\/div>\n\n\n\n<p>Les ateliers d\u2019initiation sont centr\u00e9s sur le collectif et les exercices ludiques d\u2019ensemble : nous apprenons \u00e0 nous conna\u00eetre en tant qu\u2019individu et \u00e0 trouver notre place au sein du groupe. Les nombreux exercices d\u2019improvisation permettent de travailler sur les \u00e9motions et les situations afin de se sentir plus libre sur sc\u00e8ne. On apprend \u00e0 croire en soi sans \u00e9touffer le collectif et cherchons une dynamique d\u2019ensemble form\u00e9e par des individualit\u00e9s.&nbsp;<\/p>\n\n\n\n<p>Une progression est propos\u00e9e au fur et \u00e0 mesure des s\u00e9ances : l\u2019objectif est d&#8217;aborder les fondamentaux d&#8217;une pratique th\u00e9\u00e2trale rigoureuse ainsi que la richesse et la diversit\u00e9 des \u00e9critures th\u00e9\u00e2trales. En fin d\u2019ann\u00e9e, une restitution du travail en cours est propos\u00e9e, sous le prisme d\u2019une th\u00e9matique choisie au cours du premier trimestre : les participants et participantes sont parties prenantes de la cr\u00e9ation du spectacle jusque dans sa forme.<\/p>\n\n\n\n<div style=\"height:19px\" aria-hidden=\"true\" class=\"wp-block-spacer\"><\/div>\n\n\n\n<p class=\"has-text-align-center\"><mark style=\"background-color:rgba(0, 0, 0, 0);color:#e3d4d8\" class=\"has-inline-color\">A noter :<\/mark><\/p>\n\n\n\n<p class=\"has-text-align-left\"><\/p>\n\n\n\n<p class=\"has-text-align-left\">Un cours d&#8217;essai gratuit, sur inscription pr\u00e9alable, est propos\u00e9 afin d&#8217;exp\u00e9rimenter les m\u00e9thodes de travail de l&#8217;intervenant.e et de permettre de se familiariser avec le groupe.<\/p>\n\n\n\n<p>Pour valider son inscription et ainsi d\u00e9buter l&#8217;ann\u00e9e, un dossier complet devra \u00eatre apport\u00e9 d\u00e8s la session suivante du cours d&#8217;essai, avec la totalit\u00e9 du paiement. <\/p>\n\n\n\n<p>Conditions d&#8217;inscription dans la rubrique d\u00e9di\u00e9e \u00e0 venir : <a href=\"http:\/\/artencorps.fr\/index.php\/inscriptions\/\" data-type=\"page\" data-id=\"17\">Inscriptions<\/a> > <a href=\"http:\/\/artencorps.fr\/index.php\/ateliers\/\" data-type=\"page\" data-id=\"185\">Ateliers<\/a>.<\/p>\n\n\n\n<p>Si le nombre de personnes souhaitant participer au cours exc\u00e8de le nombre de places disponibles, des s\u00e9lections pourront se faire, dans l&#8217;attente de l&#8217;ouverture d&#8217;un groupe-atelier suppl\u00e9mentaire.  <\/p>\n\n\n\n<div style=\"height:19px\" aria-hidden=\"true\" class=\"wp-block-spacer\"><\/div>\n\n\n\n<p class=\"has-text-align-center\"><strong><mark style=\"background-color:rgba(0, 0, 0, 0);color:#e3d4d8\" class=\"has-inline-color\">Accueillir nos ateliers d\u2019initiation<\/mark><\/strong><\/p>\n\n\n\n<div style=\"height:19px\" aria-hidden=\"true\" class=\"wp-block-spacer\"><\/div>\n\n\n\n<p>Si vous souhaitez faire (re)d\u00e9couvrir \u00e0 vos \u00e9l\u00e8ves ou \u00e0 vos groupes l\u2019art dramatique, les ateliers peuvent prendre toutes sortes de formes, selon vos possibilit\u00e9s et vos envies : ils peuvent se pr\u00e9senter comme des s\u00e9ances ponctuelles selon un angle de vue ou une th\u00e9matique, ou encore s\u2019\u00e9chelonner sur plusieurs s\u00e9ances avec une progression d\u2019apprentissage. L\u2019objectif est de travailler ensemble sur ces projets et de les adapter \u00e0 votre parcours p\u00e9dagogique.<\/p>\n\n\n\n<p>N\u2019h\u00e9sitez pas \u00e0 contacter<em> Art en corps<\/em> si vous souhaitez porter de beaux projets artistiques et ainsi permettre \u00e0 vos \u00e9l\u00e8ves ou \u00e0 vos groupes de d\u00e9couvrir cet enseignement riche en \u00e9motions.<\/p>\n\n\n\n<p><mark style=\"background-color:rgba(0, 0, 0, 0);color:#e3d4d8\" class=\"has-inline-color\">Contactez-nous \u00e0 l\u2019adresse theatre@artencorps.fr<\/mark><\/p>\n\n\n\n<div style=\"height:19px\" aria-hidden=\"true\" class=\"wp-block-spacer\"><\/div>\n\n\n\n<p class=\"has-text-align-center\"><br><em>A venir :<\/em><\/p>\n\n\n\n<p class=\"has-text-align-center\"><em>La programmation des \u00e9v\u00e9nements des ateliers dans la rubrique <a href=\"http:\/\/artencorps.fr\/index.php\/agenda\/\" data-type=\"page\" data-id=\"18\">Agenda<\/a><\/em><\/p>\n\n\n\n<p class=\"has-text-align-center\"><em>Tous les visuels photographiques des ateliers pass\u00e9s et pr\u00e9sents dans la rubrique <a href=\"http:\/\/artencorps.fr\/index.php\/galerie\/\" data-type=\"page\" data-id=\"19\">Galerie<\/a><\/em><\/p>\n\n\n\n<div style=\"height:19px\" aria-hidden=\"true\" class=\"wp-block-spacer\"><\/div>\n\n\n\n<p class=\"has-text-align-center\"><br>*<\/p>\n\n\n\n<div style=\"height:19px\" aria-hidden=\"true\" class=\"wp-block-spacer\"><\/div>\n\n\n\n<p class=\"has-text-align-left\">L\u2019association <em>Art en corps<\/em> est actuellement dirig\u00e9e par la directrice Sol\u00e8ne Eberhardt : pour plus de d\u00e9tails sur son parcours et sa formation, rendez-vous dans la rubrique&nbsp;<a href=\"http:\/\/artencorps.fr\/index.php\/equipe\/\" data-type=\"page\" data-id=\"14\">\u00c9quipe<\/a>. Si vous souhaitez des renseignements sur sa mani\u00e8re d\u2019appr\u00e9hender et d\u2019enseigner le th\u00e9\u00e2tre au cours des ateliers qu\u2019elle m\u00e8ne, rendez-vous dans la rubrique <a href=\"http:\/\/artencorps.fr\/index.php\/pedagogie\/\" data-type=\"page\" data-id=\"40\">P\u00e9dagogie<\/a>.<\/p>\n\n\n\n<p><\/p>\n\n\n\n<p><\/p>\n","protected":false},"excerpt":{"rendered":"<p>D\u00e9couvrez le th\u00e9\u00e2tre au sein d&#8217;un collectif bienveillant : d\u00e9veloppez votre cr\u00e9ativit\u00e9, votre imaginaire et apprivoisez votre sensibilit\u00e9. Tout ce que vous apprendrez ou approfondirez sur la mall\u00e9abilit\u00e9 du corps, la diction et la confrontation au public vous permettront d&#8217;oser prendre des risques et de gagner en confiance. A travers des exercices ludiques et des textes dramatiques, les ateliers proposent de d\u00e9couvrir le jeu d\u2019acteur et l\u2019univers sc\u00e9nique dans lequel il se d\u00e9ploie : ils sont l&#8217;occasion d&#8217;en apprendre plus sur vous-m\u00eame, sur le th\u00e9\u00e2tre et sur l&#8217;ouverture au monde qu&#8217;il propose, tout en s&#8217;amusant. L\u2019objectif est de cr\u00e9er et d\u2019avancer ensemble, dans une dynamique d\u2019empathie et d\u2019esprit d\u2019\u00e9quipe. La rencontre, le partage et l\u2019\u00e9change seront les piliers de ces ateliers, et le divertissement et le jeu en seront les moyens ! Organisation des ateliers d\u2019initiation Les ateliers d\u2019initiation sont centr\u00e9s sur le collectif et les exercices ludiques d\u2019ensemble : nous apprenons \u00e0 nous conna\u00eetre en tant qu\u2019individu et \u00e0 trouver notre place au sein du groupe. Les nombreux exercices d\u2019improvisation permettent de travailler sur les \u00e9motions et les situations afin de se sentir plus libre sur sc\u00e8ne. On apprend \u00e0 croire en soi sans \u00e9touffer le collectif et cherchons une dynamique d\u2019ensemble form\u00e9e par des individualit\u00e9s.&nbsp; Une progression est propos\u00e9e au fur et \u00e0 mesure des s\u00e9ances : l\u2019objectif est d&#8217;aborder les fondamentaux d&#8217;une pratique th\u00e9\u00e2trale rigoureuse ainsi que la richesse et la diversit\u00e9 des \u00e9critures th\u00e9\u00e2trales. En fin d\u2019ann\u00e9e, une restitution du travail en cours est propos\u00e9e, sous le prisme d\u2019une th\u00e9matique choisie au cours du premier trimestre : les participants et participantes sont parties prenantes de la cr\u00e9ation du spectacle jusque dans sa forme. A noter : Un cours d&#8217;essai gratuit, sur inscription pr\u00e9alable, est propos\u00e9 afin d&#8217;exp\u00e9rimenter les m\u00e9thodes de travail de l&#8217;intervenant.e et de permettre de se familiariser avec le groupe. Pour valider son inscription et ainsi d\u00e9buter l&#8217;ann\u00e9e, un dossier complet devra \u00eatre apport\u00e9 d\u00e8s la session suivante du cours d&#8217;essai, avec la totalit\u00e9 du paiement. Conditions d&#8217;inscription dans la rubrique d\u00e9di\u00e9e \u00e0 venir : Inscriptions > Ateliers. Si le nombre de personnes souhaitant participer au cours exc\u00e8de le nombre de places disponibles, des s\u00e9lections pourront se faire, dans l&#8217;attente de l&#8217;ouverture d&#8217;un groupe-atelier suppl\u00e9mentaire. Accueillir nos ateliers d\u2019initiation Si vous souhaitez faire (re)d\u00e9couvrir \u00e0 vos \u00e9l\u00e8ves ou \u00e0 vos groupes l\u2019art dramatique, les ateliers peuvent prendre toutes sortes de formes, selon vos possibilit\u00e9s et vos envies : ils peuvent se pr\u00e9senter comme des s\u00e9ances ponctuelles selon un angle de vue ou une th\u00e9matique, ou encore s\u2019\u00e9chelonner sur plusieurs s\u00e9ances avec une progression d\u2019apprentissage. L\u2019objectif est de travailler ensemble sur ces projets et de les adapter \u00e0 votre parcours p\u00e9dagogique. N\u2019h\u00e9sitez pas \u00e0 contacter Art en corps si vous souhaitez porter de beaux projets artistiques et ainsi permettre \u00e0 vos \u00e9l\u00e8ves ou \u00e0 vos groupes de d\u00e9couvrir cet enseignement riche en \u00e9motions. Contactez-nous \u00e0 l\u2019adresse theatre@artencorps.fr A venir : La programmation des \u00e9v\u00e9nements des ateliers dans la rubrique Agenda Tous les visuels photographiques des ateliers pass\u00e9s et pr\u00e9sents dans la rubrique Galerie * L\u2019association Art en corps est actuellement dirig\u00e9e par la directrice Sol\u00e8ne Eberhardt : pour plus de d\u00e9tails sur son parcours et sa formation, rendez-vous dans la rubrique&nbsp;\u00c9quipe. Si vous souhaitez des renseignements sur sa mani\u00e8re d\u2019appr\u00e9hender et d\u2019enseigner le th\u00e9\u00e2tre au cours des ateliers qu\u2019elle m\u00e8ne, rendez-vous dans la rubrique P\u00e9dagogie.<\/p>\n","protected":false},"author":2,"featured_media":0,"parent":0,"menu_order":0,"comment_status":"closed","ping_status":"closed","template":"","meta":{"footnotes":""},"class_list":["post-43","page","type-page","status-publish","hentry"],"_links":{"self":[{"href":"https:\/\/artencorps.fr\/index.php\/wp-json\/wp\/v2\/pages\/43","targetHints":{"allow":["GET"]}}],"collection":[{"href":"https:\/\/artencorps.fr\/index.php\/wp-json\/wp\/v2\/pages"}],"about":[{"href":"https:\/\/artencorps.fr\/index.php\/wp-json\/wp\/v2\/types\/page"}],"author":[{"embeddable":true,"href":"https:\/\/artencorps.fr\/index.php\/wp-json\/wp\/v2\/users\/2"}],"replies":[{"embeddable":true,"href":"https:\/\/artencorps.fr\/index.php\/wp-json\/wp\/v2\/comments?post=43"}],"version-history":[{"count":15,"href":"https:\/\/artencorps.fr\/index.php\/wp-json\/wp\/v2\/pages\/43\/revisions"}],"predecessor-version":[{"id":603,"href":"https:\/\/artencorps.fr\/index.php\/wp-json\/wp\/v2\/pages\/43\/revisions\/603"}],"wp:attachment":[{"href":"https:\/\/artencorps.fr\/index.php\/wp-json\/wp\/v2\/media?parent=43"}],"curies":[{"name":"wp","href":"https:\/\/api.w.org\/{rel}","templated":true}]}}