{"id":46,"date":"2024-07-17T12:53:50","date_gmt":"2024-07-17T10:53:50","guid":{"rendered":"http:\/\/artencorps.fr\/?page_id=46"},"modified":"2025-03-19T08:44:07","modified_gmt":"2025-03-19T07:44:07","slug":"stages","status":"publish","type":"page","link":"https:\/\/artencorps.fr\/index.php\/stages\/","title":{"rendered":"Stages"},"content":{"rendered":"\n<div style=\"height:21px\" aria-hidden=\"true\" class=\"wp-block-spacer\"><\/div>\n\n\n\n<p class=\"has-text-align-center has-medium-font-size\">Vous r\u00eavez de d\u00e9couvrir l&#8217;univers du th\u00e9\u00e2tre, de vous essayer au jeu et \u00e0 la sc\u00e8ne,<\/p>\n\n\n\n<p class=\"has-text-align-center has-medium-font-size\">d&#8217;approfondir ou de perfectionner votre pratique ? <\/p>\n\n\n\n<p class=\"has-text-align-center has-medium-font-size\">Participez \u00e0 nos stages !<\/p>\n\n\n\n<div style=\"height:63px\" aria-hidden=\"true\" class=\"wp-block-spacer\"><\/div>\n\n\n\n<p class=\"has-text-align-center has-medium-font-size\"><strong>Stage de th\u00e9\u00e2tre ADULTE :<\/strong> <strong><mark style=\"background-color:rgba(0, 0, 0, 0)\" class=\"has-inline-color has-vivid-green-cyan-color\">samedi 17 mai 2025<\/mark><\/strong><\/p>\n\n\n\n<div style=\"height:63px\" aria-hidden=\"true\" class=\"wp-block-spacer\"><\/div>\n\n\n\n<p class=\"has-text-align-center\" style=\"font-size:17px;text-decoration:underline\"><strong>Comment s&#8217;organise les ateliers pour adultes ?<\/strong><\/p>\n\n\n\n<div style=\"height:15px\" aria-hidden=\"true\" class=\"wp-block-spacer\"><\/div>\n\n\n\n<p>L\u2019atelier de pratique th\u00e9\u00e2trale souhaite offrir une pause dans nos rythmes de vie effr\u00e9n\u00e9s pour laisser libre cours \u00e0 son imagination et \u00e0 sa cr\u00e9ativit\u00e9 au sein d\u2019un collectif bienveillant.<\/p>\n\n\n\n<p>L\u2019objectif est de d\u00e9couvrir ou de renouer avec le th\u00e9\u00e2tre par des exercices ludiques relevant tant du jeu d\u2019acteur et de ses techniques, que de son rapport \u00e0 la sc\u00e8ne : \u00e9chauffement, jeu corporel, improvisation, interpr\u00e9tation\u2026nous passerons en revue de nombreux aspects afin d\u2019exp\u00e9rimenter librement et d\u2019en apprendre plus sur nous-m\u00eame.&nbsp;<\/p>\n\n\n\n<p>La rencontre, les \u00e9changes et le partage sont au c\u0153ur de cet atelier !<\/p>\n\n\n\n<div style=\"height:30px\" aria-hidden=\"true\" class=\"wp-block-spacer\"><\/div>\n\n\n\n<p class=\"has-text-align-center\" style=\"font-size:18px;text-decoration:underline\"><strong>Comment s\u2019inscrire ?<\/strong><\/p>\n\n\n\n<div style=\"height:15px\" aria-hidden=\"true\" class=\"wp-block-spacer\"><\/div>\n\n\n\n<p class=\"has-text-align-center\">Inscription par mail \u00e0 l&#8217;adresse <strong><mark style=\"background-color:rgba(0, 0, 0, 0)\" class=\"has-inline-color has-white-color\"><strong><mark style=\"background-color:rgba(0, 0, 0, 0);color:#e3d4d8\" class=\"has-inline-color\">theatre@artencorps.fr<\/mark><\/strong><\/mark><\/strong><\/p>\n\n\n\n<p class=\"has-text-align-center\"><em>12 places disponibles<\/em><\/p>\n\n\n\n<div style=\"height:53px\" aria-hidden=\"true\" class=\"wp-block-spacer\"><\/div>\n\n\n\n<p class=\"has-text-align-center\">*<\/p>\n\n\n\n<div style=\"height:11px\" aria-hidden=\"true\" class=\"wp-block-spacer\"><\/div>\n\n\n\n<p class=\"has-text-align-center\" style=\"font-size:18px;text-decoration:underline\"><strong>Prochains stages :<\/strong><\/p>\n\n\n\n<p class=\"has-text-align-center\"><em>Partagez-nous votre adresse mail sur <strong><mark style=\"background-color:rgba(0, 0, 0, 0)\" class=\"has-inline-color has-white-color\"><strong><mark style=\"background-color:rgba(0, 0, 0, 0);color:#e3d4d8\" class=\"has-inline-color\">theatre@artencorps.fr<\/mark><\/strong><\/mark><\/strong> : <\/em><\/p>\n\n\n\n<p class=\"has-text-align-center\"><em>nous reviendrons vers vous en priorit\u00e9 d\u00e8s que les dates seront valid\u00e9es par la Mairie de Choisy-le-Roi !<\/em><\/p>\n\n\n\n<p class=\"has-text-align-center\"><\/p>\n","protected":false},"excerpt":{"rendered":"<p>Vous r\u00eavez de d\u00e9couvrir l&#8217;univers du th\u00e9\u00e2tre, de vous essayer au jeu et \u00e0 la sc\u00e8ne, d&#8217;approfondir ou de perfectionner votre pratique ? Participez \u00e0 nos stages ! Stage de th\u00e9\u00e2tre ADULTE : samedi 17 mai 2025 Comment s&#8217;organise les ateliers pour adultes ? L\u2019atelier de pratique th\u00e9\u00e2trale souhaite offrir une pause dans nos rythmes de vie effr\u00e9n\u00e9s pour laisser libre cours \u00e0 son imagination et \u00e0 sa cr\u00e9ativit\u00e9 au sein d\u2019un collectif bienveillant. L\u2019objectif est de d\u00e9couvrir ou de renouer avec le th\u00e9\u00e2tre par des exercices ludiques relevant tant du jeu d\u2019acteur et de ses techniques, que de son rapport \u00e0 la sc\u00e8ne : \u00e9chauffement, jeu corporel, improvisation, interpr\u00e9tation\u2026nous passerons en revue de nombreux aspects afin d\u2019exp\u00e9rimenter librement et d\u2019en apprendre plus sur nous-m\u00eame.&nbsp; La rencontre, les \u00e9changes et le partage sont au c\u0153ur de cet atelier ! Comment s\u2019inscrire ? Inscription par mail \u00e0 l&#8217;adresse theatre@artencorps.fr 12 places disponibles * Prochains stages : Partagez-nous votre adresse mail sur theatre@artencorps.fr : nous reviendrons vers vous en priorit\u00e9 d\u00e8s que les dates seront valid\u00e9es par la Mairie de Choisy-le-Roi !<\/p>\n","protected":false},"author":2,"featured_media":0,"parent":0,"menu_order":0,"comment_status":"closed","ping_status":"closed","template":"","meta":{"footnotes":""},"class_list":["post-46","page","type-page","status-publish","hentry"],"_links":{"self":[{"href":"https:\/\/artencorps.fr\/index.php\/wp-json\/wp\/v2\/pages\/46","targetHints":{"allow":["GET"]}}],"collection":[{"href":"https:\/\/artencorps.fr\/index.php\/wp-json\/wp\/v2\/pages"}],"about":[{"href":"https:\/\/artencorps.fr\/index.php\/wp-json\/wp\/v2\/types\/page"}],"author":[{"embeddable":true,"href":"https:\/\/artencorps.fr\/index.php\/wp-json\/wp\/v2\/users\/2"}],"replies":[{"embeddable":true,"href":"https:\/\/artencorps.fr\/index.php\/wp-json\/wp\/v2\/comments?post=46"}],"version-history":[{"count":10,"href":"https:\/\/artencorps.fr\/index.php\/wp-json\/wp\/v2\/pages\/46\/revisions"}],"predecessor-version":[{"id":576,"href":"https:\/\/artencorps.fr\/index.php\/wp-json\/wp\/v2\/pages\/46\/revisions\/576"}],"wp:attachment":[{"href":"https:\/\/artencorps.fr\/index.php\/wp-json\/wp\/v2\/media?parent=46"}],"curies":[{"name":"wp","href":"https:\/\/api.w.org\/{rel}","templated":true}]}}