{"id":47,"date":"2024-07-17T12:53:50","date_gmt":"2024-07-17T10:53:50","guid":{"rendered":"http:\/\/artencorps.fr\/?page_id=47"},"modified":"2025-03-11T08:23:11","modified_gmt":"2025-03-11T07:23:11","slug":"rencontres","status":"publish","type":"page","link":"https:\/\/artencorps.fr\/index.php\/rencontres\/","title":{"rendered":"Rencontres"},"content":{"rendered":"\n<p class=\"has-text-align-center\"><br><em>\u00c0 venir : inscriptions \u00e0 toutes les rencontres professionnelles et artistiques <\/em><br><\/p>\n\n\n\n<p class=\"has-text-align-center\"><em>organis\u00e9e<\/em>s <em>par l&#8217;association Art en corps<\/em> <em>ou avec son soutien <\/em><\/p>\n\n\n\n<p><\/p>\n","protected":false},"excerpt":{"rendered":"<p>\u00c0 venir : inscriptions \u00e0 toutes les rencontres professionnelles et artistiques organis\u00e9es par l&#8217;association Art en corps ou avec son soutien<\/p>\n","protected":false},"author":2,"featured_media":0,"parent":0,"menu_order":0,"comment_status":"closed","ping_status":"closed","template":"","meta":{"footnotes":""},"class_list":["post-47","page","type-page","status-publish","hentry"],"_links":{"self":[{"href":"https:\/\/artencorps.fr\/index.php\/wp-json\/wp\/v2\/pages\/47","targetHints":{"allow":["GET"]}}],"collection":[{"href":"https:\/\/artencorps.fr\/index.php\/wp-json\/wp\/v2\/pages"}],"about":[{"href":"https:\/\/artencorps.fr\/index.php\/wp-json\/wp\/v2\/types\/page"}],"author":[{"embeddable":true,"href":"https:\/\/artencorps.fr\/index.php\/wp-json\/wp\/v2\/users\/2"}],"replies":[{"embeddable":true,"href":"https:\/\/artencorps.fr\/index.php\/wp-json\/wp\/v2\/comments?post=47"}],"version-history":[{"count":9,"href":"https:\/\/artencorps.fr\/index.php\/wp-json\/wp\/v2\/pages\/47\/revisions"}],"predecessor-version":[{"id":545,"href":"https:\/\/artencorps.fr\/index.php\/wp-json\/wp\/v2\/pages\/47\/revisions\/545"}],"wp:attachment":[{"href":"https:\/\/artencorps.fr\/index.php\/wp-json\/wp\/v2\/media?parent=47"}],"curies":[{"name":"wp","href":"https:\/\/api.w.org\/{rel}","templated":true}]}}