{"id":521,"date":"2025-03-10T16:10:16","date_gmt":"2025-03-10T15:10:16","guid":{"rendered":"https:\/\/artencorps.fr\/?page_id=521"},"modified":"2025-03-11T08:22:28","modified_gmt":"2025-03-11T07:22:28","slug":"archives","status":"publish","type":"page","link":"https:\/\/artencorps.fr\/index.php\/archives\/","title":{"rendered":"Archives"},"content":{"rendered":"\n<p class=\"has-text-align-center\"><strong>Retrouvez tous les \u00e9v\u00e9nements <em>pass\u00e9s<\/em> de l&#8217;association <em>Art en corps<\/em><\/strong><\/p>\n\n\n\n<div style=\"height:32px\" aria-hidden=\"true\" class=\"wp-block-spacer\"><\/div>\n\n\n\n<p class=\"has-text-align-center\"><a href=\"https:\/\/artencorps.fr\/index.php\/2025\/03\/10\/forums\/\" data-type=\"page\" data-id=\"41\">Les forums et les rencontres<\/a><\/p>\n\n\n\n<div style=\"height:30px\" aria-hidden=\"true\" class=\"wp-block-spacer\"><\/div>\n\n\n\n<p class=\"has-text-align-center\"><a href=\"https:\/\/artencorps.fr\/index.php\/2025\/03\/10\/ateliers-et-stages\/\" data-type=\"page\" data-id=\"14\">Les ateliers et les stages<\/a><\/p>\n\n\n\n<div style=\"height:30px\" aria-hidden=\"true\" class=\"wp-block-spacer\"><\/div>\n\n\n\n<p class=\"has-text-align-center\"><a href=\"https:\/\/artencorps.fr\/index.php\/2025\/03\/10\/spectacles\/\" data-type=\"page\" data-id=\"40\">Les spectacles<\/a><br><\/p>\n","protected":false},"excerpt":{"rendered":"<p>Retrouvez tous les \u00e9v\u00e9nements pass\u00e9s de l&#8217;association Art en corps Les forums et les rencontres Les ateliers et les stages Les spectacles<\/p>\n","protected":false},"author":2,"featured_media":0,"parent":0,"menu_order":0,"comment_status":"closed","ping_status":"closed","template":"","meta":{"footnotes":""},"class_list":["post-521","page","type-page","status-publish","hentry"],"_links":{"self":[{"href":"https:\/\/artencorps.fr\/index.php\/wp-json\/wp\/v2\/pages\/521","targetHints":{"allow":["GET"]}}],"collection":[{"href":"https:\/\/artencorps.fr\/index.php\/wp-json\/wp\/v2\/pages"}],"about":[{"href":"https:\/\/artencorps.fr\/index.php\/wp-json\/wp\/v2\/types\/page"}],"author":[{"embeddable":true,"href":"https:\/\/artencorps.fr\/index.php\/wp-json\/wp\/v2\/users\/2"}],"replies":[{"embeddable":true,"href":"https:\/\/artencorps.fr\/index.php\/wp-json\/wp\/v2\/comments?post=521"}],"version-history":[{"count":5,"href":"https:\/\/artencorps.fr\/index.php\/wp-json\/wp\/v2\/pages\/521\/revisions"}],"predecessor-version":[{"id":544,"href":"https:\/\/artencorps.fr\/index.php\/wp-json\/wp\/v2\/pages\/521\/revisions\/544"}],"wp:attachment":[{"href":"https:\/\/artencorps.fr\/index.php\/wp-json\/wp\/v2\/media?parent=521"}],"curies":[{"name":"wp","href":"https:\/\/api.w.org\/{rel}","templated":true}]}}